{"id":23416,"date":"2022-09-08T23:16:00","date_gmt":"2022-09-08T21:16:00","guid":{"rendered":"http:\/\/latelcy.cluster030.hosting.ovh.net\/mp1288737\/?page_id=23416"},"modified":"2026-03-22T23:20:59","modified_gmt":"2026-03-22T22:20:59","slug":"contact","status":"publish","type":"page","link":"https:\/\/latelier-floral.fr\/index.php\/contact\/","title":{"rendered":"Contact"},"content":{"rendered":"<p>[et_pb_section fb_built=&#8221;1&#8243; _builder_version=&#8221;4.23.1&#8243; use_background_color_gradient=&#8221;on&#8221; background_color_gradient_direction=&#8221;90deg&#8221; background_color_gradient_stops=&#8221;#ededed 48%|rgba(255,255,255,0) 48%&#8221; background_color_gradient_overlays_image=&#8221;on&#8221; background_color_gradient_start=&#8221;#ededed&#8221; background_color_gradient_start_position=&#8221;48%&#8221; background_color_gradient_end=&#8221;rgba(255,255,255,0)&#8221; background_color_gradient_end_position=&#8221;0%&#8221; background_image=&#8221;https:\/\/latelier-floral.fr\/wp-content\/uploads\/2024\/02\/IMG_6916.jpeg&#8221; custom_padding=&#8221;100px|0px|100px|0px|false|false&#8221; global_colors_info=&#8221;{}&#8221;][et_pb_row column_structure=&#8221;3_5,2_5&#8243; _builder_version=&#8221;4.16&#8243; custom_padding=&#8221;0|0px|0|0px|true|false&#8221; global_colors_info=&#8221;{}&#8221;][et_pb_column type=&#8221;3_5&#8243; _builder_version=&#8221;4.16&#8243; custom_padding=&#8221;|||&#8221; global_colors_info=&#8221;{}&#8221; custom_padding__hover=&#8221;|||&#8221;][et_pb_contact_form email=&#8221;contact@latelier-floral.fr&#8221; title=&#8221;CONTACTEZ NOUS&#8221; custom_message=&#8221;Message de %%name%%, email : %%email%%||et_pb_line_break_holder||Message : %%message%%&#8221; submit_button_text=&#8221;SEND MESSAGE&#8221; module_id=&#8221;et_pb_contact_form_0&#8243; _builder_version=&#8221;4.19.1&#8243; form_field_background_color=&#8221;rgba(0,0,0,0)&#8221; form_field_text_color=&#8221;#000000&#8243; title_font=&#8221;Cormorant Garamond|700|||||||&#8221; title_text_color=&#8221;#396858&#8243; title_font_size=&#8221;40px&#8221; title_line_height=&#8221;1.6em&#8221; form_field_font=&#8221;Roboto|300|||||||&#8221; form_field_font_size=&#8221;15px&#8221; form_field_line_height=&#8221;1.6em&#8221; background_color=&#8221;#ffffff&#8221; custom_button=&#8221;on&#8221; button_text_size=&#8221;14px&#8221; button_text_color=&#8221;#FFFFFF&#8221; button_bg_color=&#8221;#396858&#8243; button_border_width=&#8221;11px&#8221; button_border_color=&#8221;#396858&#8243; button_border_radius=&#8221;0px&#8221; button_letter_spacing=&#8221;1px&#8221; button_font=&#8221;Poppins|||on|||||&#8221; button_icon=&#8221;&#x24;||divi||400&#8243; button_icon_color=&#8221;#396858&#8243; button_on_hover=&#8221;off&#8221; custom_padding=&#8221;80px|80px|80px|80px|true|true&#8221; custom_padding_tablet=&#8221;40px|40px|40px|40px|true|true&#8221; custom_padding_phone=&#8221;30px|30px|30px|30px|true|true&#8221; custom_padding_last_edited=&#8221;on|tablet&#8221; title_font_size_tablet=&#8221;&#8221; title_font_size_phone=&#8221;25px&#8221; title_font_size_last_edited=&#8221;on|desktop&#8221; border_width_all=&#8221;1px&#8221; border_color_all=&#8221;#e2e2e2&#8243; form_background_color=&#8221;rgba(0,0,0,0)&#8221; global_colors_info=&#8221;{}&#8221; button_bg_color__hover_enabled=&#8221;on|hover&#8221; button_bg_color__hover=&#8221;#FFFFFF&#8221; button_border_color__hover_enabled=&#8221;on&#8221; button_border_color__hover=&#8221;#FFFFFF&#8221; button_text_color__hover=&#8221;#396858&#8243; button_text_color__hover_enabled=&#8221;on&#8221; button_letter_spacing__hover=&#8221;2px&#8221; button_letter_spacing__hover_enabled=&#8221;on&#8221; button_bg_enable_color__hover=&#8221;on&#8221;][et_pb_contact_field field_id=&#8221;Name&#8221; field_title=&#8221;NOM&#8221; fullwidth_field=&#8221;on&#8221; _builder_version=&#8221;4.18.0&#8243; global_colors_info=&#8221;{}&#8221; button_text_size__hover_enabled=&#8221;off&#8221; button_one_text_size__hover_enabled=&#8221;off&#8221; button_two_text_size__hover_enabled=&#8221;off&#8221; button_text_color__hover_enabled=&#8221;off&#8221; button_one_text_color__hover_enabled=&#8221;off&#8221; button_two_text_color__hover_enabled=&#8221;off&#8221; button_border_width__hover_enabled=&#8221;off&#8221; button_one_border_width__hover_enabled=&#8221;off&#8221; button_two_border_width__hover_enabled=&#8221;off&#8221; button_border_color__hover_enabled=&#8221;off&#8221; button_one_border_color__hover_enabled=&#8221;off&#8221; button_two_border_color__hover_enabled=&#8221;off&#8221; button_border_radius__hover_enabled=&#8221;off&#8221; button_one_border_radius__hover_enabled=&#8221;off&#8221; button_two_border_radius__hover_enabled=&#8221;off&#8221; button_letter_spacing__hover_enabled=&#8221;off&#8221; button_one_letter_spacing__hover_enabled=&#8221;off&#8221; button_two_letter_spacing__hover_enabled=&#8221;off&#8221; button_bg_color__hover_enabled=&#8221;off&#8221; button_one_bg_color__hover_enabled=&#8221;off&#8221; button_two_bg_color__hover_enabled=&#8221;off&#8221;][\/et_pb_contact_field][et_pb_contact_field field_id=&#8221;Email&#8221; field_title=&#8221;Email&#8221; field_type=&#8221;email&#8221; fullwidth_field=&#8221;on&#8221; _builder_version=&#8221;4.18.0&#8243; global_colors_info=&#8221;{}&#8221; button_text_size__hover_enabled=&#8221;off&#8221; button_one_text_size__hover_enabled=&#8221;off&#8221; button_two_text_size__hover_enabled=&#8221;off&#8221; button_text_color__hover_enabled=&#8221;off&#8221; button_one_text_color__hover_enabled=&#8221;off&#8221; button_two_text_color__hover_enabled=&#8221;off&#8221; button_border_width__hover_enabled=&#8221;off&#8221; button_one_border_width__hover_enabled=&#8221;off&#8221; button_two_border_width__hover_enabled=&#8221;off&#8221; button_border_color__hover_enabled=&#8221;off&#8221; button_one_border_color__hover_enabled=&#8221;off&#8221; button_two_border_color__hover_enabled=&#8221;off&#8221; button_border_radius__hover_enabled=&#8221;off&#8221; button_one_border_radius__hover_enabled=&#8221;off&#8221; button_two_border_radius__hover_enabled=&#8221;off&#8221; button_letter_spacing__hover_enabled=&#8221;off&#8221; button_one_letter_spacing__hover_enabled=&#8221;off&#8221; button_two_letter_spacing__hover_enabled=&#8221;off&#8221; button_bg_color__hover_enabled=&#8221;off&#8221; button_one_bg_color__hover_enabled=&#8221;off&#8221; button_two_bg_color__hover_enabled=&#8221;off&#8221;][\/et_pb_contact_field][et_pb_contact_field field_id=&#8221;Message&#8221; field_title=&#8221;Message&#8221; field_type=&#8221;text&#8221; fullwidth_field=&#8221;on&#8221; _builder_version=&#8221;4.16&#8243; global_colors_info=&#8221;{}&#8221; button_text_size__hover_enabled=&#8221;off&#8221; button_one_text_size__hover_enabled=&#8221;off&#8221; button_two_text_size__hover_enabled=&#8221;off&#8221; button_text_color__hover_enabled=&#8221;off&#8221; button_one_text_color__hover_enabled=&#8221;off&#8221; button_two_text_color__hover_enabled=&#8221;off&#8221; button_border_width__hover_enabled=&#8221;off&#8221; button_one_border_width__hover_enabled=&#8221;off&#8221; button_two_border_width__hover_enabled=&#8221;off&#8221; button_border_color__hover_enabled=&#8221;off&#8221; button_one_border_color__hover_enabled=&#8221;off&#8221; button_two_border_color__hover_enabled=&#8221;off&#8221; button_border_radius__hover_enabled=&#8221;off&#8221; button_one_border_radius__hover_enabled=&#8221;off&#8221; button_two_border_radius__hover_enabled=&#8221;off&#8221; button_letter_spacing__hover_enabled=&#8221;off&#8221; button_one_letter_spacing__hover_enabled=&#8221;off&#8221; button_two_letter_spacing__hover_enabled=&#8221;off&#8221; button_bg_color__hover_enabled=&#8221;off&#8221; button_one_bg_color__hover_enabled=&#8221;off&#8221; button_two_bg_color__hover_enabled=&#8221;off&#8221;][\/et_pb_contact_field][\/et_pb_contact_form][\/et_pb_column][et_pb_column type=&#8221;2_5&#8243; _builder_version=&#8221;4.16&#8243; custom_padding=&#8221;|||&#8221; global_colors_info=&#8221;{}&#8221; custom_padding__hover=&#8221;|||&#8221;][\/et_pb_column][\/et_pb_row][\/et_pb_section]<\/p>\n<span class=\"et_bloom_bottom_trigger\"><\/span>","protected":false},"excerpt":{"rendered":"","protected":false},"author":1,"featured_media":0,"parent":0,"menu_order":0,"comment_status":"closed","ping_status":"closed","template":"","meta":{"_et_pb_use_builder":"on","_et_pb_old_content":"","_et_gb_content_width":"","footnotes":""},"class_list":["post-23416","page","type-page","status-publish","hentry"],"yoast_head":"<!-- This site is optimized with the Yoast SEO plugin v27.2 - https:\/\/yoast.com\/product\/yoast-seo-wordpress\/ -->\n<title>Contact - l&#039;atelier floral<\/title>\n<meta name=\"description\" content=\"Contactez-nous d\u00e8s aujourd&#039;hui pour tous vos besoins floraux. Notre \u00e9quipe passionn\u00e9e est pr\u00eate \u00e0 vous aider. Que ce soit pour des bouquets, des d\u00e9corations ou des \u00e9v\u00e9nements sp\u00e9ciaux, nous sommes l\u00e0 pour r\u00e9aliser vos souhaits floraux. N&#039;h\u00e9sitez pas \u00e0 nous contacter pour discuter de vos id\u00e9es et obtenir un service personnalis\u00e9. Faites de votre passion pour les fleurs une r\u00e9alit\u00e9 en nous contactant maintenant.\" \/>\n<meta name=\"robots\" content=\"index, follow, max-snippet:-1, max-image-preview:large, max-video-preview:-1\" \/>\n<link rel=\"canonical\" href=\"https:\/\/latelier-floral.fr\/index.php\/contact\/\" \/>\n<meta property=\"og:locale\" content=\"fr_FR\" \/>\n<meta property=\"og:type\" content=\"article\" \/>\n<meta property=\"og:title\" content=\"Contact - l&#039;atelier floral\" \/>\n<meta property=\"og:description\" content=\"Contactez-nous d\u00e8s aujourd&#039;hui pour tous vos besoins floraux. Notre \u00e9quipe passionn\u00e9e est pr\u00eate \u00e0 vous aider. Que ce soit pour des bouquets, des d\u00e9corations ou des \u00e9v\u00e9nements sp\u00e9ciaux, nous sommes l\u00e0 pour r\u00e9aliser vos souhaits floraux. N&#039;h\u00e9sitez pas \u00e0 nous contacter pour discuter de vos id\u00e9es et obtenir un service personnalis\u00e9. Faites de votre passion pour les fleurs une r\u00e9alit\u00e9 en nous contactant maintenant.\" \/>\n<meta property=\"og:url\" content=\"https:\/\/latelier-floral.fr\/index.php\/contact\/\" \/>\n<meta property=\"og:site_name\" content=\"l&#039;atelier floral\" \/>\n<meta property=\"article:publisher\" content=\"https:\/\/www.facebook.com\/latelierfloralmarcucci\/about_contact_and_basic_info\" \/>\n<meta property=\"article:modified_time\" content=\"2026-03-22T22:20:59+00:00\" \/>\n<meta property=\"og:image\" content=\"https:\/\/latelier-floral.fr\/wp-content\/uploads\/2022\/11\/cropped-IMG-20220908-WA0000.jpg\" \/>\n\t<meta property=\"og:image:width\" content=\"512\" \/>\n\t<meta property=\"og:image:height\" content=\"512\" \/>\n\t<meta property=\"og:image:type\" content=\"image\/jpeg\" \/>\n<meta name=\"twitter:card\" content=\"summary_large_image\" \/>\n<meta name=\"twitter:label1\" content=\"Dur\u00e9e de lecture estim\u00e9e\" \/>\n\t<meta name=\"twitter:data1\" content=\"1 minute\" \/>\n<script type=\"application\/ld+json\" class=\"yoast-schema-graph\">{\"@context\":\"https:\/\/schema.org\",\"@graph\":[{\"@type\":\"WebPage\",\"@id\":\"https:\/\/latelier-floral.fr\/index.php\/contact\/\",\"url\":\"https:\/\/latelier-floral.fr\/index.php\/contact\/\",\"name\":\"Contact - l&#039;atelier floral\",\"isPartOf\":{\"@id\":\"https:\/\/latelier-floral.fr\/#website\"},\"datePublished\":\"2022-09-08T21:16:00+00:00\",\"dateModified\":\"2026-03-22T22:20:59+00:00\",\"description\":\"Contactez-nous d\u00e8s aujourd'hui pour tous vos besoins floraux. Notre \u00e9quipe passionn\u00e9e est pr\u00eate \u00e0 vous aider. Que ce soit pour des bouquets, des d\u00e9corations ou des \u00e9v\u00e9nements sp\u00e9ciaux, nous sommes l\u00e0 pour r\u00e9aliser vos souhaits floraux. N'h\u00e9sitez pas \u00e0 nous contacter pour discuter de vos id\u00e9es et obtenir un service personnalis\u00e9. Faites de votre passion pour les fleurs une r\u00e9alit\u00e9 en nous contactant maintenant.\",\"breadcrumb\":{\"@id\":\"https:\/\/latelier-floral.fr\/index.php\/contact\/#breadcrumb\"},\"inLanguage\":\"fr-FR\",\"potentialAction\":[{\"@type\":\"ReadAction\",\"target\":[\"https:\/\/latelier-floral.fr\/index.php\/contact\/\"]}]},{\"@type\":\"BreadcrumbList\",\"@id\":\"https:\/\/latelier-floral.fr\/index.php\/contact\/#breadcrumb\",\"itemListElement\":[{\"@type\":\"ListItem\",\"position\":1,\"name\":\"Accueil\",\"item\":\"https:\/\/latelier-floral.fr\/\"},{\"@type\":\"ListItem\",\"position\":2,\"name\":\"Contact\"}]},{\"@type\":\"WebSite\",\"@id\":\"https:\/\/latelier-floral.fr\/#website\",\"url\":\"https:\/\/latelier-floral.fr\/\",\"name\":\"l&#039;atelier floral\",\"description\":\"Votre cr\u00e9atrice de bouquet pour vos \u00e9v\u00e8nement\",\"publisher\":{\"@id\":\"https:\/\/latelier-floral.fr\/#organization\"},\"alternateName\":\"atelier floral\",\"potentialAction\":[{\"@type\":\"SearchAction\",\"target\":{\"@type\":\"EntryPoint\",\"urlTemplate\":\"https:\/\/latelier-floral.fr\/?s={search_term_string}\"},\"query-input\":{\"@type\":\"PropertyValueSpecification\",\"valueRequired\":true,\"valueName\":\"search_term_string\"}}],\"inLanguage\":\"fr-FR\"},{\"@type\":\"Organization\",\"@id\":\"https:\/\/latelier-floral.fr\/#organization\",\"name\":\"l'atelier flora\",\"url\":\"https:\/\/latelier-floral.fr\/\",\"logo\":{\"@type\":\"ImageObject\",\"inLanguage\":\"fr-FR\",\"@id\":\"https:\/\/latelier-floral.fr\/#\/schema\/logo\/image\/\",\"url\":\"https:\/\/latelier-floral.fr\/wp-content\/uploads\/2022\/11\/cropped-IMG-20220908-WA0000.jpg\",\"contentUrl\":\"https:\/\/latelier-floral.fr\/wp-content\/uploads\/2022\/11\/cropped-IMG-20220908-WA0000.jpg\",\"width\":512,\"height\":512,\"caption\":\"l'atelier flora\"},\"image\":{\"@id\":\"https:\/\/latelier-floral.fr\/#\/schema\/logo\/image\/\"},\"sameAs\":[\"https:\/\/www.facebook.com\/latelierfloralmarcucci\/about_contact_and_basic_info\"]}]}<\/script>\n<!-- \/ Yoast SEO plugin. -->","yoast_head_json":{"title":"Contact - l&#039;atelier floral","description":"Contactez-nous d\u00e8s aujourd'hui pour tous vos besoins floraux. Notre \u00e9quipe passionn\u00e9e est pr\u00eate \u00e0 vous aider. Que ce soit pour des bouquets, des d\u00e9corations ou des \u00e9v\u00e9nements sp\u00e9ciaux, nous sommes l\u00e0 pour r\u00e9aliser vos souhaits floraux. N'h\u00e9sitez pas \u00e0 nous contacter pour discuter de vos id\u00e9es et obtenir un service personnalis\u00e9. Faites de votre passion pour les fleurs une r\u00e9alit\u00e9 en nous contactant maintenant.","robots":{"index":"index","follow":"follow","max-snippet":"max-snippet:-1","max-image-preview":"max-image-preview:large","max-video-preview":"max-video-preview:-1"},"canonical":"https:\/\/latelier-floral.fr\/index.php\/contact\/","og_locale":"fr_FR","og_type":"article","og_title":"Contact - l&#039;atelier floral","og_description":"Contactez-nous d\u00e8s aujourd'hui pour tous vos besoins floraux. Notre \u00e9quipe passionn\u00e9e est pr\u00eate \u00e0 vous aider. Que ce soit pour des bouquets, des d\u00e9corations ou des \u00e9v\u00e9nements sp\u00e9ciaux, nous sommes l\u00e0 pour r\u00e9aliser vos souhaits floraux. N'h\u00e9sitez pas \u00e0 nous contacter pour discuter de vos id\u00e9es et obtenir un service personnalis\u00e9. Faites de votre passion pour les fleurs une r\u00e9alit\u00e9 en nous contactant maintenant.","og_url":"https:\/\/latelier-floral.fr\/index.php\/contact\/","og_site_name":"l&#039;atelier floral","article_publisher":"https:\/\/www.facebook.com\/latelierfloralmarcucci\/about_contact_and_basic_info","article_modified_time":"2026-03-22T22:20:59+00:00","og_image":[{"width":512,"height":512,"url":"https:\/\/latelier-floral.fr\/wp-content\/uploads\/2022\/11\/cropped-IMG-20220908-WA0000.jpg","type":"image\/jpeg"}],"twitter_card":"summary_large_image","twitter_misc":{"Dur\u00e9e de lecture estim\u00e9e":"1 minute"},"schema":{"@context":"https:\/\/schema.org","@graph":[{"@type":"WebPage","@id":"https:\/\/latelier-floral.fr\/index.php\/contact\/","url":"https:\/\/latelier-floral.fr\/index.php\/contact\/","name":"Contact - l&#039;atelier floral","isPartOf":{"@id":"https:\/\/latelier-floral.fr\/#website"},"datePublished":"2022-09-08T21:16:00+00:00","dateModified":"2026-03-22T22:20:59+00:00","description":"Contactez-nous d\u00e8s aujourd'hui pour tous vos besoins floraux. Notre \u00e9quipe passionn\u00e9e est pr\u00eate \u00e0 vous aider. Que ce soit pour des bouquets, des d\u00e9corations ou des \u00e9v\u00e9nements sp\u00e9ciaux, nous sommes l\u00e0 pour r\u00e9aliser vos souhaits floraux. N'h\u00e9sitez pas \u00e0 nous contacter pour discuter de vos id\u00e9es et obtenir un service personnalis\u00e9. Faites de votre passion pour les fleurs une r\u00e9alit\u00e9 en nous contactant maintenant.","breadcrumb":{"@id":"https:\/\/latelier-floral.fr\/index.php\/contact\/#breadcrumb"},"inLanguage":"fr-FR","potentialAction":[{"@type":"ReadAction","target":["https:\/\/latelier-floral.fr\/index.php\/contact\/"]}]},{"@type":"BreadcrumbList","@id":"https:\/\/latelier-floral.fr\/index.php\/contact\/#breadcrumb","itemListElement":[{"@type":"ListItem","position":1,"name":"Accueil","item":"https:\/\/latelier-floral.fr\/"},{"@type":"ListItem","position":2,"name":"Contact"}]},{"@type":"WebSite","@id":"https:\/\/latelier-floral.fr\/#website","url":"https:\/\/latelier-floral.fr\/","name":"l&#039;atelier floral","description":"Votre cr\u00e9atrice de bouquet pour vos \u00e9v\u00e8nement","publisher":{"@id":"https:\/\/latelier-floral.fr\/#organization"},"alternateName":"atelier floral","potentialAction":[{"@type":"SearchAction","target":{"@type":"EntryPoint","urlTemplate":"https:\/\/latelier-floral.fr\/?s={search_term_string}"},"query-input":{"@type":"PropertyValueSpecification","valueRequired":true,"valueName":"search_term_string"}}],"inLanguage":"fr-FR"},{"@type":"Organization","@id":"https:\/\/latelier-floral.fr\/#organization","name":"l'atelier flora","url":"https:\/\/latelier-floral.fr\/","logo":{"@type":"ImageObject","inLanguage":"fr-FR","@id":"https:\/\/latelier-floral.fr\/#\/schema\/logo\/image\/","url":"https:\/\/latelier-floral.fr\/wp-content\/uploads\/2022\/11\/cropped-IMG-20220908-WA0000.jpg","contentUrl":"https:\/\/latelier-floral.fr\/wp-content\/uploads\/2022\/11\/cropped-IMG-20220908-WA0000.jpg","width":512,"height":512,"caption":"l'atelier flora"},"image":{"@id":"https:\/\/latelier-floral.fr\/#\/schema\/logo\/image\/"},"sameAs":["https:\/\/www.facebook.com\/latelierfloralmarcucci\/about_contact_and_basic_info"]}]}},"_links":{"self":[{"href":"https:\/\/latelier-floral.fr\/index.php\/wp-json\/wp\/v2\/pages\/23416","targetHints":{"allow":["GET"]}}],"collection":[{"href":"https:\/\/latelier-floral.fr\/index.php\/wp-json\/wp\/v2\/pages"}],"about":[{"href":"https:\/\/latelier-floral.fr\/index.php\/wp-json\/wp\/v2\/types\/page"}],"author":[{"embeddable":true,"href":"https:\/\/latelier-floral.fr\/index.php\/wp-json\/wp\/v2\/users\/1"}],"replies":[{"embeddable":true,"href":"https:\/\/latelier-floral.fr\/index.php\/wp-json\/wp\/v2\/comments?post=23416"}],"version-history":[{"count":13,"href":"https:\/\/latelier-floral.fr\/index.php\/wp-json\/wp\/v2\/pages\/23416\/revisions"}],"predecessor-version":[{"id":242848,"href":"https:\/\/latelier-floral.fr\/index.php\/wp-json\/wp\/v2\/pages\/23416\/revisions\/242848"}],"wp:attachment":[{"href":"https:\/\/latelier-floral.fr\/index.php\/wp-json\/wp\/v2\/media?parent=23416"}],"curies":[{"name":"wp","href":"https:\/\/api.w.org\/{rel}","templated":true}]}}